{"id":28,"date":"2007-12-17T14:39:56","date_gmt":"2007-12-17T13:39:56","guid":{"rendered":"http:\/\/blogg.ngn.nu\/about\/ideologitillhorighet\/"},"modified":"2008-01-03T19:49:27","modified_gmt":"2008-01-03T18:49:27","slug":"ideologitillhorighet","status":"publish","type":"page","link":"https:\/\/blogg.ngn.nu\/index.php\/politik\/ideologitillhorighet\/","title":{"rendered":"Ideologitillh\u00f6righet"},"content":{"rendered":"<p style=\"margin-bottom: 0px\"><span style=\"font-family: Arial\">Om vi kikar i SBL\u2019s bok \u201dideologier\u201d s\u00e5 delas ju den politiska ideologin upp i tre grundideologier: Konservatismen, Liberalismen och Socialismen. Vi g\u00f6r en ny tabell och \u201dpassar\u201d in mig d\u00e4r:<\/span><\/p>\n<p align=\"left\">\n<table>\n<tr>\n<td><strong><span style=\"font-size: 85%; font-family: Arial\">Idelogi<\/span><\/strong><\/td>\n<td align=\"center\"><\/td>\n<\/tr>\n<tr>\n<td><span style=\"font-size: 85%; font-family: Arial\">Konservatismen<\/span><\/td>\n<td align=\"center\"><span style=\"font-size: 85%; font-family: Arial\">15 %<\/span><\/td>\n<\/tr>\n<tr>\n<td><span style=\"font-size: 85%; font-family: Arial\">Liberalismen<\/span><\/td>\n<td align=\"center\"><span style=\"font-size: 85%; font-family: Arial\">25 %<\/span><\/td>\n<\/tr>\n<tr>\n<td><span style=\"font-size: 85%; font-family: Arial\">Socialismen<\/span><\/td>\n<td align=\"center\"><span style=\"font-size: 85%; font-family: Arial\">60 %<\/span><\/td>\n<\/tr>\n<tr>\n<td align=\"right\"><span style=\"font-size: 85%; font-family: Arial\">Summa:<\/span><\/td>\n<td align=\"center\"><span style=\"font-size: 85%; font-family: Arial\">100 %<\/span><\/td>\n<\/tr>\n<\/table>\n<p><span style=\"font-family: Arial\">Se d\u00e4r d\u00e5 blev det 100%! T\u00e4nk vad \u201dlite tydlighet\u201d kan ge(?)<\/span><\/p>\n","protected":false},"excerpt":{"rendered":"<p>Om vi kikar i SBL\u2019s bok \u201dideologier\u201d s\u00e5 delas ju den politiska ideologin upp i tre grundideologier: Konservatismen, Liberalismen och Socialismen. Vi g\u00f6r en ny tabell och \u201dpassar\u201d in mig d\u00e4r: Idelogi Konservatismen 15 % Liberalismen 25 % Socialismen 60 &hellip; <a href=\"https:\/\/blogg.ngn.nu\/index.php\/politik\/ideologitillhorighet\/\">Forts\u00e4tt l\u00e4sa <span class=\"meta-nav\">&rarr;<\/span><\/a><\/p>\n","protected":false},"author":1,"featured_media":0,"parent":86,"menu_order":2,"comment_status":"open","ping_status":"closed","template":"","meta":{"footnotes":""},"class_list":["post-28","page","type-page","status-publish","hentry"],"_links":{"self":[{"href":"https:\/\/blogg.ngn.nu\/index.php\/wp-json\/wp\/v2\/pages\/28","targetHints":{"allow":["GET"]}}],"collection":[{"href":"https:\/\/blogg.ngn.nu\/index.php\/wp-json\/wp\/v2\/pages"}],"about":[{"href":"https:\/\/blogg.ngn.nu\/index.php\/wp-json\/wp\/v2\/types\/page"}],"author":[{"embeddable":true,"href":"https:\/\/blogg.ngn.nu\/index.php\/wp-json\/wp\/v2\/users\/1"}],"replies":[{"embeddable":true,"href":"https:\/\/blogg.ngn.nu\/index.php\/wp-json\/wp\/v2\/comments?post=28"}],"version-history":[{"count":0,"href":"https:\/\/blogg.ngn.nu\/index.php\/wp-json\/wp\/v2\/pages\/28\/revisions"}],"up":[{"embeddable":true,"href":"https:\/\/blogg.ngn.nu\/index.php\/wp-json\/wp\/v2\/pages\/86"}],"wp:attachment":[{"href":"https:\/\/blogg.ngn.nu\/index.php\/wp-json\/wp\/v2\/media?parent=28"}],"curies":[{"name":"wp","href":"https:\/\/api.w.org\/{rel}","templated":true}]}}