{"id":27,"date":"2007-12-17T14:37:50","date_gmt":"2007-12-17T13:37:50","guid":{"rendered":"http:\/\/blogg.ngn.nu\/about\/partisympatier\/"},"modified":"2008-01-03T19:49:49","modified_gmt":"2008-01-03T18:49:49","slug":"partisympatier","status":"publish","type":"page","link":"https:\/\/blogg.ngn.nu\/index.php\/politik\/partisympatier\/","title":{"rendered":"Partisympatier"},"content":{"rendered":"<p align=\"left\">\n<table>\n<tr>\n<td><span style=\"font-size: 85%; font-family: Arial\">Centerpartiet<\/span><\/td>\n<td align=\"center\"><span style=\"font-size: 85%; font-family: Arial\">5%<\/span><\/td>\n<\/tr>\n<tr>\n<td><span style=\"font-size: 85%; font-family: Arial\">Feministiskt Initiativ**<\/span><\/td>\n<td align=\"center\"><span style=\"font-size: 85%; font-family: Arial\">5%<\/span><\/td>\n<\/tr>\n<tr>\n<td><span style=\"font-size: 85%; font-family: Arial\">Folkpartiet<\/span><\/td>\n<td align=\"center\"><span style=\"font-size: 85%; font-family: Arial\">10%<\/span><\/td>\n<\/tr>\n<tr>\n<td><span style=\"font-size: 85%; font-family: Arial\">Kristdemokraterna<\/span><\/td>\n<td align=\"center\"><span style=\"font-size: 85%; font-family: Arial\">0%<\/span><\/td>\n<\/tr>\n<tr>\n<td><span style=\"font-size: 85%; font-family: Arial\">Milj\u00f6partiet<\/span><\/td>\n<td align=\"center\"><span style=\"font-size: 85%; font-family: Arial\">15%<\/span><\/td>\n<\/tr>\n<tr>\n<td><span style=\"font-size: 85%; font-family: Arial\">Moderaterna<\/span><\/td>\n<td align=\"center\"><span style=\"font-size: 85%; font-family: Arial\">10%<\/span><\/td>\n<\/tr>\n<tr>\n<td><span style=\"font-size: 85%; font-family: Arial\">Socialdemokraterna***<\/span><\/td>\n<td align=\"center\"><span style=\"font-size: 85%; font-family: Arial\">15%<\/span><\/td>\n<\/tr>\n<tr>\n<td><span style=\"font-size: 85%; font-family: Arial\">Sverigedemokraterna<\/span><\/td>\n<td align=\"center\"><span style=\"font-size: 85%; font-family: Arial\">0%<\/span><\/td>\n<\/tr>\n<tr>\n<td><span style=\"font-size: 85%; font-family: Arial\">V\u00e4gval V\u00e4nster**<\/span><\/td>\n<td align=\"center\"><span style=\"font-size: 85%; font-family: Arial\">5%<\/span><\/td>\n<\/tr>\n<tr>\n<td><span style=\"font-size: 85%; font-family: Arial\">V\u00e4nsterpartiet<\/span><\/td>\n<td align=\"center\"><span style=\"font-size: 85%; font-family: Arial\">15%<\/span><\/td>\n<\/tr>\n<tr>\n<td align=\"right\"><span style=\"font-size: 85%; font-family: Arial\">Summa:<\/span><\/td>\n<td align=\"center\"><span style=\"font-size: 85%; font-family: Arial\">80%<\/span><\/td>\n<\/tr>\n<\/table>\n<p><span style=\"font-size: 78%; font-family: Arial\">*Jag har bara tagit med de \u201dst\u00f6rsta\u201d. I bokstavsordning.<br \/>\n**Inte egentliga partier. Men har relativt intressanta id\u00e9er.<br \/>\n***Egentligen skulle jag vilja vara minst 60% socialdemokrat men nu har de ingen socialism l\u00e4ngre, den \u00e4r \u201dutspridd\u201d. Det \u00e4r d\u00e4rf\u00f6r min politiska \u201dkarta\u201d ser ut som den g\u00f6r.<\/span><\/p>\n<p><span style=\"font-family: Arial\">Det \u201dfattas\u201d 20%? Det beror s\u00e4kerligen p\u00e5 den os\u00e4kerhet de politiska parterna utstr\u00e5lar vad avser en ideologi. Den os\u00e4kerheten skapar givetvis en os\u00e4kerhet hos mig. S\u00e5 tror jag det \u00e4r f\u00f6r alla.<\/span><\/p>\n","protected":false},"excerpt":{"rendered":"<p>Centerpartiet 5% Feministiskt Initiativ** 5% Folkpartiet 10% Kristdemokraterna 0% Milj\u00f6partiet 15% Moderaterna 10% Socialdemokraterna*** 15% Sverigedemokraterna 0% V\u00e4gval V\u00e4nster** 5% V\u00e4nsterpartiet 15% Summa: 80% *Jag har bara tagit med de \u201dst\u00f6rsta\u201d. I bokstavsordning. **Inte egentliga partier. Men har relativt intressanta &hellip; <a href=\"https:\/\/blogg.ngn.nu\/index.php\/politik\/partisympatier\/\">Forts\u00e4tt l\u00e4sa <span class=\"meta-nav\">&rarr;<\/span><\/a><\/p>\n","protected":false},"author":1,"featured_media":0,"parent":86,"menu_order":1,"comment_status":"open","ping_status":"closed","template":"","meta":{"footnotes":""},"class_list":["post-27","page","type-page","status-publish","hentry"],"_links":{"self":[{"href":"https:\/\/blogg.ngn.nu\/index.php\/wp-json\/wp\/v2\/pages\/27","targetHints":{"allow":["GET"]}}],"collection":[{"href":"https:\/\/blogg.ngn.nu\/index.php\/wp-json\/wp\/v2\/pages"}],"about":[{"href":"https:\/\/blogg.ngn.nu\/index.php\/wp-json\/wp\/v2\/types\/page"}],"author":[{"embeddable":true,"href":"https:\/\/blogg.ngn.nu\/index.php\/wp-json\/wp\/v2\/users\/1"}],"replies":[{"embeddable":true,"href":"https:\/\/blogg.ngn.nu\/index.php\/wp-json\/wp\/v2\/comments?post=27"}],"version-history":[{"count":0,"href":"https:\/\/blogg.ngn.nu\/index.php\/wp-json\/wp\/v2\/pages\/27\/revisions"}],"up":[{"embeddable":true,"href":"https:\/\/blogg.ngn.nu\/index.php\/wp-json\/wp\/v2\/pages\/86"}],"wp:attachment":[{"href":"https:\/\/blogg.ngn.nu\/index.php\/wp-json\/wp\/v2\/media?parent=27"}],"curies":[{"name":"wp","href":"https:\/\/api.w.org\/{rel}","templated":true}]}}