{"id":14369,"date":"2022-05-14T12:33:06","date_gmt":"2022-05-14T10:33:06","guid":{"rendered":"https:\/\/blogg.ngn.nu\/?page_id=14369"},"modified":"2022-05-14T15:08:57","modified_gmt":"2022-05-14T13:08:57","slug":"insandare-till-gp","status":"publish","type":"page","link":"https:\/\/blogg.ngn.nu\/index.php\/insandare\/insandare-till-gp\/","title":{"rendered":"Till GP"},"content":{"rendered":"<p>Inskickat: 14\/5-22<\/p>\n<p>Till: friaord@gp.se<br \/>\n\u00c4mne: Trafiksituation i G\u00f6teborg f\u00f6r en utsocknes<\/p>\n<p>Erfarenhet:<br \/>\nBil i GBG och utsocknes.<br \/>\nVi skulle till Djursjukhus p\u00e5 Hisingssidan. E6 ned och Navig. visade en, bra &#8217;genv\u00e4g&#8217; dit.<br \/>\nNot: Skyltar fanns om att det inte gick att k\u00f6ra genom Tingstadstunneln.<br \/>\nJag gjorde en ynka miss &#8211; och hamnade i Tingstadstunneln?<br \/>\nKatastrof!<br \/>\nS\u00e5g att Navig. hade f\u00f6rslag men det var v\u00e4gstoppar de v\u00e4gar den ville, s\u00e5 nu var jag \u00f6vergiven.<br \/>\nT\u00e4nkte, det m\u00e5ste g\u00e5 att ta sig till Hisingsbron, vid C-stationen.<br \/>\nKom n\u00e4ra. S\u00e5g en v\u00e4g vid bussarna som ledde mot Hisingsbron &#8211; men d\u00e4r fanns en skylt &#8211; till\u00e5ten endast f\u00f6r bussar. S\u00e5 jag fick v\u00e4nda vid P-huset.<br \/>\nF\u00f6rs\u00f6kte norrifr\u00e5n komma upp p\u00e5 45:an. Jag visste att jag d\u00e4rifr\u00e5n kunde sv\u00e4nga av mot Hisingsbron.<br \/>\n\u00d6verallt var det v\u00e4garbeten och det mesta var blockerat. Navigatorn fick fnatt. Och jag var l\u00f6msk.<br \/>\nTiden b\u00f6rjade tryta. Vi hade tagit till 30min f\u00f6r &#8217;alla&#8217; eventualiteter.<br \/>\nJag mindes att en &#8217;privatbil&#8217; k\u00f6rt in den d\u00e4r bussv\u00e4gen vi tidigare noterat &#8211; det var nu 10 min kvar till v\u00e5r tid.<br \/>\nVar vid Olskroken och snurrade runt.<br \/>\nTill C-stationen igen och k\u00f6rde in p\u00e5 &#8217;den d\u00e4r v\u00e4gen&#8217; &#8211; och SE! Jag kom till Hisingsbron!<br \/>\nKom till Djursjukhuset med 3 min tillgodo, en helstressad hund som givetvis registrerade mitt adrenalinp\u00e5slag &#8211; jag var n\u00e4st intill utmattad av stress.<\/p>\n<p>Synpunkt:<br \/>\nJag vet inte hur Trafikadm. ser ut i GBG men helt klart fungerar den inte.<br \/>\nUppifr\u00e5n s\u00e5 ser det ut som utlagda kringlor som \u00e4r lagda inv\u00e4vda i varandra &#8211; lite h\u00e4r och var.<br \/>\nKanske f\u00f6rs\u00f6ker &#8217;Trafikkontoret&#8217; &#8217;bygga&#8217; bort problem &#8211; men vad jag ser, \u00e4r att de hela tiden skapar nya.<\/p>\n<p>Det har varit intensiva p\u00e5g\u00e5ende &#8217;v\u00e4gf\u00f6rb\u00e4ttringar&#8217; i GBG sedan, ca \u00e5r 2000. D\u00e5 jag blev tvungen att regelbundet resa dit.<\/p>\n<p>Och:<br \/>\nFinns det ingen som helst m\u00f6jlighet att fixa f\u00f6rbifart GBG eller \u00f6verfart (en v\u00e4g p\u00e5 pelare)?<br \/>\nEn st avfart\/p\u00e5fart n\u00e5gonstans Norr om d\u00e4r el\u00e4ndet b\u00f6rjar och en avfart\/p\u00e5fart n\u00e5gonstans vid \u00c5bro Motet?<\/p>\n<p>Nils-Gunnar Nordlundh<br \/>\nSl\u00e5ttergatan 47<br \/>\n46240 V\u00e4nersborg<br \/>\n0731 58 60 02<\/p>\n<div class=\"moz-signature\">&#8212;<br \/>\nNils-Gunnar &#8217;Nisse&#8217; Nordlundh<\/div>\n","protected":false},"excerpt":{"rendered":"<p>Inskickat: 14\/5-22 Till: friaord@gp.se \u00c4mne: Trafiksituation i G\u00f6teborg f\u00f6r en utsocknes Erfarenhet: Bil i GBG och utsocknes. Vi skulle till Djursjukhus p\u00e5 Hisingssidan. E6 ned och Navig. visade en, bra &#8217;genv\u00e4g&#8217; dit. Not: Skyltar fanns om att det inte gick &hellip; <a href=\"https:\/\/blogg.ngn.nu\/index.php\/insandare\/insandare-till-gp\/\">Forts\u00e4tt l\u00e4sa <span class=\"meta-nav\">&rarr;<\/span><\/a><\/p>\n","protected":false},"author":1,"featured_media":0,"parent":14371,"menu_order":0,"comment_status":"open","ping_status":"closed","template":"","meta":{"footnotes":""},"class_list":["post-14369","page","type-page","status-publish","hentry"],"_links":{"self":[{"href":"https:\/\/blogg.ngn.nu\/index.php\/wp-json\/wp\/v2\/pages\/14369","targetHints":{"allow":["GET"]}}],"collection":[{"href":"https:\/\/blogg.ngn.nu\/index.php\/wp-json\/wp\/v2\/pages"}],"about":[{"href":"https:\/\/blogg.ngn.nu\/index.php\/wp-json\/wp\/v2\/types\/page"}],"author":[{"embeddable":true,"href":"https:\/\/blogg.ngn.nu\/index.php\/wp-json\/wp\/v2\/users\/1"}],"replies":[{"embeddable":true,"href":"https:\/\/blogg.ngn.nu\/index.php\/wp-json\/wp\/v2\/comments?post=14369"}],"version-history":[{"count":3,"href":"https:\/\/blogg.ngn.nu\/index.php\/wp-json\/wp\/v2\/pages\/14369\/revisions"}],"predecessor-version":[{"id":14377,"href":"https:\/\/blogg.ngn.nu\/index.php\/wp-json\/wp\/v2\/pages\/14369\/revisions\/14377"}],"up":[{"embeddable":true,"href":"https:\/\/blogg.ngn.nu\/index.php\/wp-json\/wp\/v2\/pages\/14371"}],"wp:attachment":[{"href":"https:\/\/blogg.ngn.nu\/index.php\/wp-json\/wp\/v2\/media?parent=14369"}],"curies":[{"name":"wp","href":"https:\/\/api.w.org\/{rel}","templated":true}]}}