{"id":13426,"date":"2021-05-20T16:32:48","date_gmt":"2021-05-20T15:32:48","guid":{"rendered":"https:\/\/blogg.ngn.nu\/?page_id=13426"},"modified":"2021-05-20T20:15:56","modified_gmt":"2021-05-20T19:15:56","slug":"ubuntu-20-04-mate","status":"publish","type":"page","link":"https:\/\/blogg.ngn.nu\/index.php\/sidor\/data\/ubuntu-20-04-mate\/","title":{"rendered":"Ubuntu 20.04 MATE"},"content":{"rendered":"<p>210519:<br \/>\nNu ska jag f\u00f6rs\u00f6ka komma tillr\u00e4tta med ett m\u00e4rkligt problem. N\u00e4r jag \u00f6ppnar en &#8217;mapp&#8217; via programstartare i toppanelen s\u00e5 startar HandBrake upp&#8230; \u2753<br \/>\nDet finns tv\u00e5 versioner av HandBrake installerat.<br \/>\nDen som funkar b\u00e4st \u00e4r: 1.3.1 (x86_64)<br \/>\nOch den som startar n\u00e4r jag klickar p\u00e5 (mapp)panelikon \u00e4r: samma version<br \/>\nSka se om det \u00e4r samma installerad: &lt;: nope det \u00e4r:<br \/>\n20191018232853-0b34556-master (x86_64)<br \/>\nSka se om jag kan avinstallera just den.<br \/>\nF\u00e5r ingen ordning p\u00e5 det&#8230; \u2753<br \/>\nJag har i vart fall &#8217;r\u00e4tt&#8217; version (1.3.3 (x86_64)) installerad av Handbrake.<br \/>\nTog det via:<code><br \/>\n<\/code><code>sudo add-apt-repository ppa:stebbins\/handbrake-releases<\/code><code><br \/>\n<\/code><code>sudo apt update<\/code><code><br \/>\n<\/code><code>sudo apt install handbrake-gtk handbrake-cli<\/code><\/p>\n<p>210520:<br \/>\nGick idag med i: Ubuntu MATE Community<\/p>\n","protected":false},"excerpt":{"rendered":"<p>210519: Nu ska jag f\u00f6rs\u00f6ka komma tillr\u00e4tta med ett m\u00e4rkligt problem. N\u00e4r jag \u00f6ppnar en &#8217;mapp&#8217; via programstartare i toppanelen s\u00e5 startar HandBrake upp&#8230; \u2753 Det finns tv\u00e5 versioner av HandBrake installerat. Den som funkar b\u00e4st \u00e4r: 1.3.1 (x86_64) Och &hellip; <a href=\"https:\/\/blogg.ngn.nu\/index.php\/sidor\/data\/ubuntu-20-04-mate\/\">Forts\u00e4tt l\u00e4sa <span class=\"meta-nav\">&rarr;<\/span><\/a><\/p>\n","protected":false},"author":1,"featured_media":0,"parent":13412,"menu_order":0,"comment_status":"closed","ping_status":"closed","template":"","meta":{"footnotes":""},"class_list":["post-13426","page","type-page","status-publish","hentry"],"_links":{"self":[{"href":"https:\/\/blogg.ngn.nu\/index.php\/wp-json\/wp\/v2\/pages\/13426","targetHints":{"allow":["GET"]}}],"collection":[{"href":"https:\/\/blogg.ngn.nu\/index.php\/wp-json\/wp\/v2\/pages"}],"about":[{"href":"https:\/\/blogg.ngn.nu\/index.php\/wp-json\/wp\/v2\/types\/page"}],"author":[{"embeddable":true,"href":"https:\/\/blogg.ngn.nu\/index.php\/wp-json\/wp\/v2\/users\/1"}],"replies":[{"embeddable":true,"href":"https:\/\/blogg.ngn.nu\/index.php\/wp-json\/wp\/v2\/comments?post=13426"}],"version-history":[{"count":2,"href":"https:\/\/blogg.ngn.nu\/index.php\/wp-json\/wp\/v2\/pages\/13426\/revisions"}],"predecessor-version":[{"id":13437,"href":"https:\/\/blogg.ngn.nu\/index.php\/wp-json\/wp\/v2\/pages\/13426\/revisions\/13437"}],"up":[{"embeddable":true,"href":"https:\/\/blogg.ngn.nu\/index.php\/wp-json\/wp\/v2\/pages\/13412"}],"wp:attachment":[{"href":"https:\/\/blogg.ngn.nu\/index.php\/wp-json\/wp\/v2\/media?parent=13426"}],"curies":[{"name":"wp","href":"https:\/\/api.w.org\/{rel}","templated":true}]}}