{"id":13418,"date":"2021-05-20T16:16:46","date_gmt":"2021-05-20T15:16:46","guid":{"rendered":"https:\/\/blogg.ngn.nu\/?page_id=13418"},"modified":"2021-05-20T16:48:06","modified_gmt":"2021-05-20T15:48:06","slug":"dvdmkv","status":"publish","type":"page","link":"https:\/\/blogg.ngn.nu\/index.php\/sidor\/data\/ripping\/dvdmkv\/","title":{"rendered":"DVD>MKV"},"content":{"rendered":"<p><strong><a id=\"datum_210518\"><\/a>210518<\/strong>:<br \/>\nStartade ju safecopy (<code>safecopy \/dev\/cdrom ~\/dvd.iso<\/code>) &lt;: kl 14:11 ig\u00e5r.<br \/>\n&gt;: kl 21:16 (17\/5-21) var processen uppn\u00e5dd till 53% s\u00e5 jag l\u00e4t den st\u00e5 p\u00e5.<br \/>\nNu p\u00e5 morgonen kl 06:48 \u00e4r den uppe i 93%<br \/>\nDen kan allts\u00e5 h\u00e5lla p\u00e5 ett bra tag till&#8230;<br \/>\n&#8217;nu&#8217; kl 08:22 \u00e4r den klar och &#8217;rapporten&#8217; ser inte s\u00e5 v\u00e4rst lovande ut:<br \/>\n<code>Done!<\/code><code><br \/>\n<\/code><code>Recovered bad blocks: 0<\/code><code><br \/>\n<\/code><code>Unrecoverable bad blocks (bytes): 194336 (6368002048)<\/code><code><br \/>\n<\/code><code>Blocks (bytes) copied: 4084384 (8364818432)<\/code><\/p>\n<p>Det \u00e4r raden:<br \/>\n<code>Unrecoverable bad blocks (bytes): 194336 (6368002048)<\/code><br \/>\nsom inte b\u00e5dar gott&#8230;<\/p>\n<p>Funkade inte att spela upp den i VLC&#8230;<\/p>\n<p>DVD funkar att spela upp via VLC s\u00e5 jag testar och ser om jag kan spara\/konvertera via VLC &lt;: icke&#8230;<\/p>\n<p>Det var en enveten rackare.<\/p>\n<p>OGMrip fungerar inte p\u00e5 u20&#8230;<\/p>\n<p>MakeMKV ville inte heller.<\/p>\n<p>K3B funkade inte heller.<\/p>\n<p>readom; ville inte heller fungera.<\/p>\n<p>Nu testar jag: ddrescue<\/p>\n<p>Jag flyttar \u00f6ver DVD&#8217;n till den &#8217;gamla&#8217; datorn s\u00e5 f\u00e5r jag testa lite olika varianter d\u00e4r.<br \/>\nVia u14 s\u00e5 verkar mer fungera \u00e4n via u20 \u2753<\/p>\n<p><strong><a id=\"datum_210519\"><\/a>210519<\/strong>:<br \/>\nR\u00e5kade titta upp\u00e5t (kl 00:19) och fick se p\u00e5 min \u00f6vre sk\u00e4rm att min &#8217;gamla&#8217; dator verkar ha lyckats med att kopiera den trilskande DVD&#8217;n?<br \/>\nF\u00e5r studera det n\u00e4rmare n\u00e4r jag sovit ett tag.<br \/>\nKollade lite i alla fall och noterade att \u00e4ven den &#8217;bara&#8217; fixade de f\u00f6rsta 48min av tot 3tim 34min &#8211; attans.<br \/>\n<code>dd if=\/dev\/sr0 of=dvd.iso bs=2048 count=4084380<\/code><br \/>\nfixade det inte heller &#8211; p\u00e5 den &#8217;gamla&#8217;.<\/p>\n<p>Har fixat ett par &#8217;andra&#8217; DVD&gt;MKV<\/p>\n<p>Och s\u00e5 har jag g\u00e5tt igenom kopierade filmer s\u00e5 att de hitintills gjorda har uppdaterats med information via tmm (The Tiny Media Manager) och d\u00e5 \u00e4r det fr\u00e4mst via fildatabaserna : imdb &amp; tmbd.<\/p>\n","protected":false},"excerpt":{"rendered":"<p>210518: Startade ju safecopy (safecopy \/dev\/cdrom ~\/dvd.iso) &lt;: kl 14:11 ig\u00e5r. &gt;: kl 21:16 (17\/5-21) var processen uppn\u00e5dd till 53% s\u00e5 jag l\u00e4t den st\u00e5 p\u00e5. Nu p\u00e5 morgonen kl 06:48 \u00e4r den uppe i 93% Den kan allts\u00e5 h\u00e5lla &hellip; <a href=\"https:\/\/blogg.ngn.nu\/index.php\/sidor\/data\/ripping\/dvdmkv\/\">Forts\u00e4tt l\u00e4sa <span class=\"meta-nav\">&rarr;<\/span><\/a><\/p>\n","protected":false},"author":1,"featured_media":0,"parent":13416,"menu_order":0,"comment_status":"closed","ping_status":"closed","template":"","meta":{"footnotes":""},"class_list":["post-13418","page","type-page","status-publish","hentry"],"_links":{"self":[{"href":"https:\/\/blogg.ngn.nu\/index.php\/wp-json\/wp\/v2\/pages\/13418","targetHints":{"allow":["GET"]}}],"collection":[{"href":"https:\/\/blogg.ngn.nu\/index.php\/wp-json\/wp\/v2\/pages"}],"about":[{"href":"https:\/\/blogg.ngn.nu\/index.php\/wp-json\/wp\/v2\/types\/page"}],"author":[{"embeddable":true,"href":"https:\/\/blogg.ngn.nu\/index.php\/wp-json\/wp\/v2\/users\/1"}],"replies":[{"embeddable":true,"href":"https:\/\/blogg.ngn.nu\/index.php\/wp-json\/wp\/v2\/comments?post=13418"}],"version-history":[{"count":6,"href":"https:\/\/blogg.ngn.nu\/index.php\/wp-json\/wp\/v2\/pages\/13418\/revisions"}],"predecessor-version":[{"id":13436,"href":"https:\/\/blogg.ngn.nu\/index.php\/wp-json\/wp\/v2\/pages\/13418\/revisions\/13436"}],"up":[{"embeddable":true,"href":"https:\/\/blogg.ngn.nu\/index.php\/wp-json\/wp\/v2\/pages\/13416"}],"wp:attachment":[{"href":"https:\/\/blogg.ngn.nu\/index.php\/wp-json\/wp\/v2\/media?parent=13418"}],"curies":[{"name":"wp","href":"https:\/\/api.w.org\/{rel}","templated":true}]}}