{"id":13414,"date":"2021-05-20T15:54:47","date_gmt":"2021-05-20T14:54:47","guid":{"rendered":"https:\/\/blogg.ngn.nu\/?page_id=13414"},"modified":"2021-05-20T15:54:47","modified_gmt":"2021-05-20T14:54:47","slug":"clonezilla-via-liveusb-2-25-hd-os-win10-till-225-ssd","status":"publish","type":"page","link":"https:\/\/blogg.ngn.nu\/index.php\/sidor\/data\/clonezilla-via-liveusb-2-25-hd-os-win10-till-225-ssd\/","title":{"rendered":"CloneZilla via liveUSB 2.25&#8243; HD (OS Win10) till 2,25&#8243; SSD"},"content":{"rendered":"<p>Idag (210520) kom SSD&#8217;n som jag hade t\u00e4nkt s\u00e4tta i min b\u00e4rbara acer win7 med intel i3<\/p>\n<p>Men s\u00e5 \u00e4ndrade jag mig och satte in den i min HP win10 med Intel i2.<br \/>\nB\u00f6rjar k\u00e4nna mig tveksam d\u00e5 detta antagligen \u00e4r den \u00e4ldsta av de 4 val jag hade.<br \/>\nInte ens s\u00e4ker p\u00e5 att den har ett BIOS som fixar det h\u00e4r &#8211; men jag drar v\u00e4l ig\u00e5ng.<\/p>\n<p>Har satt i nya SSD&#8217;n.<br \/>\nDet var inga problem eftersom det tidigare satt en 2.25&#8243; HD om 160GB i den.<br \/>\nMonterade SSD&#8217;n (1TB) i HP&#8217;n<br \/>\nSkruvade ihop det hela.<br \/>\nMonterade den (HD 160GB) i ett sata USB3 chassi f\u00f6r 2,25&#8243; enheter.<br \/>\nSatte in USB-HD&#8217;n i ett USB-uttag<br \/>\noch CloneZilla (liveUSB) i ett bredvid.<\/p>\n<p>Nu ska jag starta upp och se hur BIOS ser ut&#8230;<\/p>\n<p>Fixade tydligen inte att det var tv\u00e5 USB inkopplade.<\/p>\n<p>Testar \u00e5 koppla ur det ena (HD&#8217;n).<\/p>\n<p>Verkar som att den datorns BIOS inte fixar KVM-switchar s\u00e5 jag f\u00e5r k\u00f6ra den separat.<br \/>\n<span style=\"font-size: 10px;\">[not: sannolikt berodde detta p\u00e5 det som jag uppt\u00e4ckte senare]<\/span><br \/>\nMed egen sk\u00e4rm, tangentbord &amp; mus.<\/p>\n<p>Placerade PC&#8217;n, monitor, tangentbord och mus p\u00e5 V-rumsbordet.<br \/>\nKopplade till hemn\u00e4tverket (man vet aldrig&#8230;?)<\/p>\n<p>Den ville inte starta h\u00e4r heller&#8230;<\/p>\n<p>Om jag l\u00e4t DVD-sl\u00e4den vara ute och kopplade bort &#8217;alla&#8217; USB-enheter (CloneZilla &amp; ext USB3 2.25&#8243; HD (med g:a OS)) s\u00e5 startade i vart fall delar av datorns BIOS upp och jag fick se s\u00e5pass mycket information att jag s\u00e5g att BIOS uppfattat den nya SSD&#8217;n.<\/p>\n<p>Jag satte d\u00e5 i CloneZilla liveUSB och tryckte till p\u00e5 [F10].<\/p>\n<p>Och datorn startade om och nu fr\u00e5n USB&#8217;n (CloneZilla).<\/p>\n<p>Jag gjorde f\u00f6ljande val:<br \/>\nClonezilla live (Default settings KMS with Large font &amp; To RAM)<br \/>\nsedan:&gt;<br \/>\nChose language: en_US.UTF-8 English<br \/>\nsedan:&gt;<br \/>\nKeaboard configuration: Keep the default keyboard layout &#8211; US keyboard<br \/>\n<span style=\"font-size: 10px;\">[not: man (jag) anv\u00e4nder \u00e4nd\u00e5 bara Piltangenter och [Enter]]<\/span><br \/>\nsedan:&gt;<br \/>\nStart Clonezilla: Start_Clonezilla<br \/>\nsedan:&gt;<br \/>\ndevice-device work directly from a disk or partition to a disk or partition.<\/p>\n<p>H\u00e4r f\u00f6ljer sedan ett antal val som g\u00e5r ut p\u00e5 att man ska v\u00e4lja &#8217;k\u00e4lla&#8217; och &#8217;mottagare&#8217;.<br \/>\nH\u00e4r g\u00e4ller det, i mitt fall, att ha ordentlig koll p\u00e5 att &#8217;k\u00e4llan&#8217; ska vara den &#8217;mindre&#8217; externa HD-enheten och mottagaren den &#8217;st\u00f6rre&#8217; interna SSD&#8217;n.<\/p>\n<p>Jag g\u00f6r ocks\u00e5 valet disk till disk<\/p>\n<p>Och s\u00e5 ska man godk\u00e4nna ett antal val, en del \u00e4r markerade med en &#8217;*&#8217;.<br \/>\nJag pillar inte med detta utan l\u00e5ter CloneZilla best\u00e4mma och trycker [Enter]<\/p>\n<p>V\u00e4ljer:<br \/>\n-sfsck Skip checking\/reparing source file system<\/p>\n<p>V\u00e4ljer:<br \/>\nMode: savedisk: -p poweroff Shutdown<\/p>\n<p>Sedan kommer krav p\u00e5 godk\u00e4nnande samt att fr\u00e5gan upprepas tv\u00e5 g\u00e5nger.<\/p>\n<p>Det hela tar ca 30min.<\/p>\n<p>Datorn st\u00e4nger av sig.<\/p>\n<p>Jag tar bort extern USB-HD (gamla OS) &amp; CloneZilla liveUSB<br \/>\nStartar datorn<br \/>\nSer bra ut<br \/>\nVill starta om &#8211; godk\u00e4nner det.<br \/>\nDen st\u00e5r sedan d\u00e4r och &#8217;tuggar&#8217;&#8230;<\/p>\n<p>Vi \u00e5ker till THN och k\u00e4kar utelunch \ud83d\ude42<\/p>\n<p>Of\u00f6r\u00e4ndrat n\u00e4r vi kommer tillbaka.<\/p>\n<p>St\u00e4nger av.<\/p>\n<p>S\u00e4tter p\u00e5 och v\u00e4ljer &#8217;Skip disk check&#8217; &gt; inne.<\/p>\n<p>Vill starta om en g\u00e5ng till &#8211; ok<\/p>\n<p>Startar felfritt.<\/p>\n<p>Startar upp Diskhantering [windowstangenten]+[X]<br \/>\nI den menyn som d\u00e5 visas hittar man: &#8217;Diskhantering&#8217;.<\/p>\n<p>Ser d\u00e5 att partitionerna lagt sig i f\u00f6ljande ordning:<br \/>\nBasic MBR (helt ok)<br \/>\nC: OS (helt ok)<br \/>\nRecovery (inte ok)<br \/>\nledigt utrymme.<\/p>\n<p>Diskhantering fixar inte att ut\u00f6ka &#8217;\u00f6ver&#8217; en partition. Inte heller att flytta en.<\/p>\n<p>Installerar en sk freeware: NIUBI Free<\/p>\n<p>M.h.a. den s\u00e5 flyttade jag &#8217;recovery&#8217;-partitionen till slutet.<br \/>\nUt\u00f6kade sedan C:<br \/>\nAktiverade \u00e4ndringarna.<br \/>\nSt\u00e4ngde av.<br \/>\nStartade om.<\/p>\n<p>Allt ser ut att fungera helt OK &#8211; och g\u00f6r det fortfarande f\u00f6r nu har jag &#8217;den&#8217; via sk\u00e4rmen ovanf\u00f6r.<\/p>\n<p>Kollade via Diskhanteraren:<br \/>\n<a href=\"http:\/\/ngn.nu\/Pict\/2021\/210520-Diskhantering-efter-ut\u00f6kning-W10.PNG\"><img loading=\"lazy\" decoding=\"async\" title=\"Win10 Diskhantering\" src=\"http:\/\/ngn.nu\/Pict\/2021\/210520-Diskhantering-efter-ut%C3%B6kning-W10.PNG\" alt=\"[Bild: Win10 Diskhantering]\" width=\"350\" height=\"210\" border=\"0\" \/><\/a><\/p>\n<p>Och s\u00e5 en bild via C: &gt; h\u00f6gerklick &gt; Egenskaper:<br \/>\n<img loading=\"lazy\" decoding=\"async\" title=\"Win10 Egenskaper f\u00f6r enhet C:\" src=\"http:\/\/ngn.nu\/Pict\/2021\/210520-Egenskaper-foer-enhet-C-W10.png\" alt=\"[Bild: Win10 Egenskaper f\u00f6r enhet C:]\" width=\"350\" height=\"484\" border=\"0\" \/><\/p>\n<p>Kan ocks\u00e5 meddela eller notera att datorn blev v\u00e4l ca 90% snabbare.<\/p>\n<p>Och d\u00e5 hade det h\u00e4r gamla tr\u00f6skverket fr\u00e5n b\u00f6rjan ms win Vista och sedan win 7 vilket sedan uppgraderas till win10.<\/p>\n","protected":false},"excerpt":{"rendered":"<p>Idag (210520) kom SSD&#8217;n som jag hade t\u00e4nkt s\u00e4tta i min b\u00e4rbara acer win7 med intel i3 Men s\u00e5 \u00e4ndrade jag mig och satte in den i min HP win10 med Intel i2. B\u00f6rjar k\u00e4nna mig tveksam d\u00e5 detta antagligen &hellip; <a href=\"https:\/\/blogg.ngn.nu\/index.php\/sidor\/data\/clonezilla-via-liveusb-2-25-hd-os-win10-till-225-ssd\/\">Forts\u00e4tt l\u00e4sa <span class=\"meta-nav\">&rarr;<\/span><\/a><\/p>\n","protected":false},"author":1,"featured_media":0,"parent":13412,"menu_order":0,"comment_status":"closed","ping_status":"closed","template":"","meta":{"footnotes":""},"class_list":["post-13414","page","type-page","status-publish","hentry"],"_links":{"self":[{"href":"https:\/\/blogg.ngn.nu\/index.php\/wp-json\/wp\/v2\/pages\/13414","targetHints":{"allow":["GET"]}}],"collection":[{"href":"https:\/\/blogg.ngn.nu\/index.php\/wp-json\/wp\/v2\/pages"}],"about":[{"href":"https:\/\/blogg.ngn.nu\/index.php\/wp-json\/wp\/v2\/types\/page"}],"author":[{"embeddable":true,"href":"https:\/\/blogg.ngn.nu\/index.php\/wp-json\/wp\/v2\/users\/1"}],"replies":[{"embeddable":true,"href":"https:\/\/blogg.ngn.nu\/index.php\/wp-json\/wp\/v2\/comments?post=13414"}],"version-history":[{"count":2,"href":"https:\/\/blogg.ngn.nu\/index.php\/wp-json\/wp\/v2\/pages\/13414\/revisions"}],"predecessor-version":[{"id":14023,"href":"https:\/\/blogg.ngn.nu\/index.php\/wp-json\/wp\/v2\/pages\/13414\/revisions\/14023"}],"up":[{"embeddable":true,"href":"https:\/\/blogg.ngn.nu\/index.php\/wp-json\/wp\/v2\/pages\/13412"}],"wp:attachment":[{"href":"https:\/\/blogg.ngn.nu\/index.php\/wp-json\/wp\/v2\/media?parent=13414"}],"curies":[{"name":"wp","href":"https:\/\/api.w.org\/{rel}","templated":true}]}}