{"id":13390,"date":"2021-05-16T16:42:03","date_gmt":"2021-05-16T15:42:03","guid":{"rendered":"https:\/\/blogg.ngn.nu\/?page_id=13390"},"modified":"2021-05-16T19:40:43","modified_gmt":"2021-05-16T18:40:43","slug":"99-satt-att-optimera-ms-win-7","status":"publish","type":"page","link":"https:\/\/blogg.ngn.nu\/index.php\/sidor\/99-satt-att-optimera-ms-win-7\/","title":{"rendered":"99 s\u00e4tt att optimera ms win 7"},"content":{"rendered":"<p>HuvudK\u00e4lla:<br \/>\n99 Ways to Make Your Computer Blazingly Fast<br \/>\nhelpdeskgeek.com\/how-to\/99-ways-to-make-your-computer-blazingly-fast\/<\/p>\n<p><b>Fixa Windows 7 (s\u00e5 gott det g\u00e5r)<\/b>1. Defragmentera h\u00e5rddisken.<br \/>\nI utforskaren, h\u00f6gerklicka p\u00e5 t.ex. enhet C: och v\u00e4lj &#8217;Egenskaper&#8217;.<br \/>\nI f\u00f6nstret som visas v\u00e4lj fliken: &#8217;Verktyg&#8217;.<br \/>\nKlicka p\u00e5 [Defragmentera nu&#8230;]<br \/>\nSedan kan du l\u00e4sa dig till om du beh\u00f6ver defragmentera eller inte.<br \/>\nNot:<br \/>\nFragmenterad menas att det \u00e4r uppdelat. I.o.m. att det \u00e4r en h\u00e5rddisk som snurrar s\u00e5 hamnar inta alla fildata som tillh\u00f6r en fil p\u00e5 samma st\u00e4lle.<br \/>\nMen filsystemet str\u00e4var efter att &#8217;fildelarna&#8217; ska hamn i sk sektorer som ligger &#8217;n\u00e4rmast&#8217; varandra (i tid).<br \/>\nOm man har massa filer och har raderat och laggt till s\u00e5 kan de sk &#8217;fildelarna&#8217; bli spridda p\u00e5 s\u00e5 vis att det tar lite extra tid f\u00f6r system ett s\u00e4tta ihop alla &#8217;fildelarna&#8217;.<br \/>\nDet \u00e4r d\u00e5 man kallar det f\u00f6r att enheten \u00e4r fragmenterad.<br \/>\nOch d\u00e5 \u00e4r det bra att defragmentera.<br \/>\nDet verktyget d\u00e5 g\u00f6r \u00e4r att optimera placeringen av de sk &#8217;fildelarna&#8217; s\u00e5 att de hamnar i angr\u00e4nsande sk sektorer.<br \/>\nI hustruns fall \u00e4r detta helt on\u00f6digt d\u00e5 hon numer har en SSD-enhet.<br \/>\nInga r\u00f6rliga delar. En fil f\u00e5r ett tilldelat utrymme som den sedan beh\u00e5ller.<br \/>\nI extremfall kan jag t\u00e4nka mig att det kan funka med en defragmentering (\u00e4ven p\u00e5 en SSD) &#8211; men det \u00e4r endast om det \u00e4r liksom skulle bli ont om utrymme p\u00e5 enheten.<\/p>\n<p>2. Du b\u00f6r ocks\u00e5 defragmentera din Windows sidfil och register om du fortfarande anv\u00e4nder Windows XP.<br \/>\nDen punkten hoppar vi. Handlar ju inte om win7<\/p>\n<p>3. Rensa h\u00e5rddiskens utrymme (<a href=\"https:\/\/www.online-tech-tips.com\/computer-tips\/simple-ways-to-increase-your-computers-performance-save-hard-disk-space\/\" target=\"_blank\" rel=\"noopener\">L\u00e4nk<\/a>) engelska. Testa ocks\u00e5 (<a href=\"https:\/\/www.online-tech-tips.com\/computer-tips\/treesize-free-utility-to-find-view-and-free-up-hard-disk-space\/\" target=\"_blank\" rel=\"noopener\">TreeSize<\/a>) ocks\u00e5 engelsk.<\/p>\n<p>4. Kanske: Testa <a href=\"https:\/\/www.online-tech-tips.com\/computer-tips\/speed-up-windows-login\/\" target=\"_blank\" rel=\"noopener\">Startup Delayer<\/a>, ett gratisprogram som snabbar upp starttiden (boot) genom att senarel\u00e4gga &#8217;startupprogram&#8217;.<\/p>\n<p>5. N\u00e4r det g\u00e4ller startupprogram\u00a0 s\u00e5 \u00e4r m\u00e5nga av dem helt on\u00f6diga. Anv\u00e4nd <b>msconfig<\/b> (<a href=\"https:\/\/www.online-tech-tips.com\/computer-tips\/simple-ways-to-increase-your-computers-performace-stopping-the-startup-programs\/\" target=\"_blank\" rel=\"noopener\">l\u00e4nk till lite f\u00f6rslag<\/a>) f\u00f6r att inaktivera startupprogram.<br \/>\n<img loading=\"lazy\" decoding=\"async\" title=\"99 s\u00e4tt att fixa win 7. Nr 4.\" src=\"http:\/\/ngn.nu\/Pict\/2021\/210515-msconfig-Flik-Tjaenster.png\" alt=\"[Bild: 99 s\u00e4tt att fixa      win 7. Nr 4.]\" width=\"588\" height=\"393\" \/><br \/>\nF\u00f6r att vara p\u00e5 den s\u00e4kra sidan s\u00e5 kan man markera [&#x2714;] <b>D\u00f6lj alla Microsoft-tj\u00e4nster<\/b> och sedan klicka p\u00e5: [Inaktivera alla]<\/p>\n<p>6. Som standard, sk\u00f6ts storleken p\u00e5 &#8217;speglingsfilen&#8217;*\u00a0 av Windows, vilket kan skapa sk fragmentering (att filer blir spridda p\u00e5 en h\u00e5rddisk).<br \/>\n*Speglingsfilen &gt; &#8217;paging file&#8217; &gt; (pagefile.sys) = Virtual memory &gt; &#8217;virtuellt (ut\u00f6kat) minne&#8217; som operativsystemet tar till n\u00e4r inte RAM-minnet r\u00e4cker.<br \/>\n&gt;: inte aktuellt p\u00e5 hustruns dator numer d\u00e5 jag installerat en SSD-enhet.<br \/>\nH\u00e4r kan annars finnas kunskap att h\u00e4mta: &#8217;<a href=\"https:\/\/www.online-tech-tips.com\/computer-tips\/simple-ways-to-increase-your-computers-performace-configuring-the-paging-file\/\" target=\"_blank\" rel=\"noopener\">best paging file performance<\/a>&#8217;.<\/p>\n<p>7. I Windows, \u00e4r som standard, Windows S\u00f6k-indexeringstj\u00e4nsten aktiverad f\u00f6r alla lokala h\u00e5rddiskar. Att st\u00e4nga av indexering \u00e4r ett enkelt s\u00e4tt att \u00f6ka prestanda. &#8217;How to Disable Search(Indexing) In Windows&#8217;.<br \/>\nStart &gt; s\u00f6krutan &gt; skriv: services.msc<br \/>\n<a href=\"http:\/\/ngn.nu\/Pict\/2021\/210515-services-Rad-Windows_Search.png\" target=\"_blank\" rel=\"noopener\"><img loading=\"lazy\" decoding=\"async\" title=\"99 s\u00e4tt att fixa win 7. Nr 6.\" src=\"http:\/\/ngn.nu\/Pict\/2021\/210515-services-Rad-Windows_Search.png\" alt=\"[Bild: 99 s\u00e4tt att\n        fixa win 7. Nr 6.]\" width=\"600\" height=\"311\" border=\"0\" \/><\/a><br \/>\nSom bilden visar, h\u00f6gerklicka p\u00e5 raden och v\u00e4lj: &#8217;Stoppa&#8217;.<\/p>\n<p>8. Om du inte bryr dig om alla de snygga visuella effekterna i Windows kan du st\u00e4nga av dem genom att g\u00e5 till Prestationsalternativ.<br \/>\nL\u00e4s mer: &#8217;<a href=\"https:\/\/www.online-tech-tips.com\/computer-tips\/simple-ways-to-increase-your-computers-performance-disable-visual-effects-in-the-performance-options-tab\/\" target=\"_blank\" rel=\"noopener\">Disable Visual Effects in Windows for Better Performance<\/a>&#8217;<br \/>\nV\u00e4lj utforskaren. H\u00f6gerklika p\u00e5 &#8217;Dator&#8217;. V\u00e4lj alternativet: &#8217;Egenskaper&#8217;.<br \/>\nI v\u00e4ster sidopanel klicka p\u00e5: &#8217;Avancerade systeminst\u00e4llningar&#8217;.<br \/>\nF\u00f6ljande f\u00f6nster visas:<br \/>\n<img loading=\"lazy\" decoding=\"async\" title=\"99 s\u00e4tt att fixa win 7. Nr 7.\" src=\"http:\/\/ngn.nu\/Pict\/2021\/210515-Systemegenskaper-flik_Avancerat.png\" alt=\"[Bild: 99 s\u00e4tt att fixa\n      win 7. Nr 7.]\" width=\"429\" height=\"477\" border=\"0\" \/><br \/>\nKlicka p\u00e5 knappen som jag ramat in med r\u00f6tt [Inst\u00e4llningar&#8230;]<br \/>\nNytt f\u00f6nster:<br \/>\n<img loading=\"lazy\" decoding=\"async\" title=\"99 s\u00e4tt att fixa win 7. Nr 7.\" src=\"http:\/\/ngn.nu\/Pict\/2021\/210515-Prestandaalternativ-flik_Visuella_Effekter.pbg.PNG\" alt=\"[Bild: 99 s\u00e4tt att fixa      win 7. Nr 7.]\" width=\"382\" height=\"542\" border=\"0\" \/><br \/>\nH\u00e4r kan du avmarkera ALLA; <u>utom<\/u>: &#8217;<b>Anv\u00e4nd visuell stil f\u00f6r f\u00f6nster och knappar<\/b>&#8217;<br \/>\nKlicka sedan p\u00e5 [Verkst\u00e4ll] &amp; [OK]<\/p>\n<p>9. Optimera BIOS<br \/>\nP\u00e5 de flesta datorer kommer du \u00e5t BIOS genom att h\u00e5lla ned tangenten [F2] n\u00e4r du ser den f\u00f6rsta startbilden flimra till.<br \/>\nDu kan optimera starttiden via BIOS p\u00e5 tv\u00e5 s\u00e4tt;<br \/>\n1. Uppdatering av BIOS<br \/>\n2. Inaktiverande av (kontroll av) on\u00f6dig h\u00e5rdvara.<br \/>\n[] Kolla nuvarande BIOS-version ([F2] vid start)<br \/>\n[] Kolla med datortillverkaren om det finns en nyare version (f\u00f6lj deras instruktioner).<br \/>\n[] Ta ordentligt reda p\u00e5 hur du ska g\u00f6ra f\u00f6r att uppdatera BIOS.<br \/>\n&#8211; I BIOS kan du se om inst\u00e4llningen: &#8221;Hardware checks&#8221; finns och \u00e4r aktiverad. Testa med att inaktivera den.<br \/>\n&#8211; Se till att OS* startenhet \u00e4r den f\u00f6rsta enheten som BIOS letar efter. (BIOS Boot-order).<br \/>\n* OS: OperativSystem och i v\u00e5rt fall \u00e4r det: MS Win 7<\/p>\n<p>10. Windows register<br \/>\n&#8217;Reng\u00f6r&#8217; Windows register genom att ta bort trasiga genv\u00e4gar, saknade eller delade DLL-filer, ogiltiga s\u00f6kv\u00e4gar, ogiltiga installationsreferenser och mer. Testa den h\u00e4r programvaran: <a href=\"https:\/\/www.ccleaner.com\/ccleaner\" target=\"_blank\" rel=\"noopener\">CCleaner<\/a><br \/>\n<b>OBS!<\/b> Acceptera inte installation av den erbjudna antivirusprogramvaran. Det finns en gratisvariant som jag kommer till l\u00e4ngre ned punkt 10).<br \/>\nExempelbild, efter en k\u00f6rning p\u00e5 &#8217;min&#8217; Win 7 Home Prem SP1 64-bit:<br \/>\n<a href=\"http:\/\/ngn.nu\/Pict\/2021\/210516-CCleaner_Free-Registry-Cleaner.png\" target=\"_blank\" rel=\"noopener\"><img loading=\"lazy\" decoding=\"async\" title=\"99 s\u00e4tt att fixa win 7. Nr 9.\" src=\"http:\/\/ngn.nu\/Pict\/2021\/210516-CCleaner_Free-Registry-Cleaner.png\" alt=\"[Bild: 99 s\u00e4tt att fixa win 7. Nr 9.]\" width=\"600\" height=\"415\" border=\"0\" \/><\/a><br \/>\nJag hade 40 &#8217;fel&#8217; i mitt register.<br \/>\nNu har jag k\u00f6rt en &#8217;rensning&#8217; s\u00e5 f\u00e5r vi se hur den sk\u00f6ter sig&#8230;<br \/>\nOBS! Notera att alla funktioner i CClean Free inte \u00e4r tillg\u00e4ngliga &#8211; d\u00e5 &#8217;m\u00e5ste&#8217; man k\u00f6pa &#8217;pro&#8217;.<\/p>\n<p>11.<span class=\"VIiyi\" lang=\"sv\"><span class=\"JLqJ4b ChMk0b\" data-language-for-alternatives=\"sv\" data-language-to-translate-into=\"en\" data-phrase-index=\"0\"> En av de fr\u00e4msta anledningarna till att datorer \u00e4r l\u00e5ngsamma beror p\u00e5 spionprogram.<\/span><br \/>\nJag rekommenderar att man i f\u00f6rsta hand f\u00f6rs\u00f6ker f\u00e5 installerat MS WIN eget antivirusprogram<span class=\"JLqJ4b ChMk0b\" data-language-for-alternatives=\"sv\" data-language-to-translate-into=\"en\" data-phrase-index=\"1\">.<br \/>\n<\/span><\/span> Microsoft Security Essentials.<br \/>\nDen kan dock vara rackarns sv\u00e5r att f\u00e5 fatt p\u00e5 d\u00e5 ju ms win 7 numer inte f\u00e5r n\u00e5gon support fr\u00e5n MS Win.<br \/>\nMen f\u00f6rs\u00f6k h\u00e4r: <a href=\"https:\/\/www.microsoft.com\/sv-se\/download\/details.aspx?id=5201\" target=\"_blank\" rel=\"noopener\">MS Win Download Center<\/a><\/p>\n<p>12. Om du har en djupare sk spyware-infektion som en rootkit som \u00e4r mycket sv\u00e5r att ta bort, kan du beh\u00f6va utf\u00f6ra en sk offline viruss\u00f6kning.<br \/>\nDu beh\u00f6ver en <u>tom<\/u> USB-sticka<br \/>\nSpara ned: <a href=\"https:\/\/support.microsoft.com\/en-us\/windows\/help-protect-my-pc-with-microsoft-defender-offline-9306d528-64bf-4668-5b80-ff533f183d6c\" target=\"_blank\" rel=\"noopener\">64-bit version of Windows Defender Offline<\/a> till en 64-bitars windowsdator som INTE \u00e4r infekterad.<br \/>\nK\u00f6r programmet.<br \/>\nKlicka p\u00e5 [Next &gt;]<br \/>\nKlicka sedan p\u00e5 [I accept]<br \/>\nV\u00e4lj att installera &#8217;Windows Defender Offline&#8217; p\u00e5 ovan n\u00e4mnda USB-sticka:<br \/>\n() On a USB flash drive that is not password protected.<br \/>\nKlicka sedan p\u00e5 [Next &gt;]<br \/>\nHar du mer \u00e4n en USB-enhet s\u00e5 g\u00e4ller det att i n\u00e4sta f\u00f6nster v\u00e4lja r\u00e4tt&#8230;<br \/>\nOm du bara har en s\u00e5 brukar den ha enhetsbokstaven F:<br \/>\nKlicka sedan p\u00e5 [Next &gt;]<br \/>\nUSB-stickan kommer att formateras.<br \/>\nKlicka p\u00e5 [Next &gt;]<br \/>\nN\u00f6dv\u00e4ndiga program laddas ned och installeras p\u00e5 USB-stickan.<\/p>\n<p>N\u00e4r det \u00e4r klart kan du ta ur stickan ur datorn och s\u00e4tta i den i den infekterade.<br \/>\nSteg ett nu &#8211; \u00e4r att se till att komma direkt till datorns sk &#8217;Boot Manager&#8217;<br \/>\nSt\u00e4llet d\u00e4r BIOS h\u00e5ller ordning p\u00e5 i vilken ordning systemet ska startas upp p\u00e5 (Boot).<br \/>\nNormalt kommer man till denna meny via [F12].<br \/>\nMen beroende p\u00e5 dator s\u00e5 kan det lika v\u00e4l vara via: [F1] eller [Del] eller att h\u00e5lla ned [Esc]<br \/>\nN\u00e4r du lyckas komma in i &#8217;Boot Manager&#8217; ska du leta upp den enhet som d\u00e5 \u00e4r hyfsat s\u00e4ker p\u00e5 \u00e4r den USB-sticka och antingen;<br \/>\nA. flytta den h\u00f6gst upp i en lista<br \/>\neller<br \/>\nB. markera den och v\u00e4lja att &#8217;boot&#8217;:a upp fr\u00e5n den.<\/p>\n<p>Sedan ska man antingen trycka [Enter] eller [F10]<br \/>\nDet brukar framg\u00e5 hyfsat tydligt.<\/p>\n<p>Om du lyckas f\u00e5 fart p\u00e5 USB-stickan och f\u00e5r f\u00f6ljande felmeddelande: 0x8004cc01 s\u00e5 blir du &#8217;tvungen&#8217; att hitta p\u00e5 ett annat s\u00e4tt &#8211; och den l\u00f6sningen har jag inte tillg\u00e5ng till &#8211; utan tillg\u00e5ng till din dator&#8230; sorry.<br \/>\nEn bit ned p\u00e5 f\u00f6ljande <a href=\"https:\/\/www.online-tech-tips.com\/windows-10\/how-to-perform-an-offline-virus-scan-to-fix-an-infected-pc\/\" target=\"_blank\" rel=\"noopener\">sida<\/a>, finns dock en del tips.<br \/>\nS\u00f6k efter rubriken: &#8217;Running an Offline Virus Scan Using Third-Party Antivirus Software&#8217;<\/p>\n<p>Om du <u>inte<\/u> f\u00e5r felmeddelande s\u00e5 f\u00f6ljer du den information som &#8217;Windows Defender Offline&#8217; ger dig.<br \/>\nLycka till \ud83d\ude09<\/p>\n<p>13. Ta bort o\u00f6nskad f\u00f6rinstallerad programvara (\u00e4ven kallad skr\u00e4pprogramvara) fr\u00e5n din dator med t.ex. <a href=\"http:\/\/www.pcdecrapifier.com\/\" target=\"_blank\" rel=\"noopener\">PC Decrapifier<\/a>.<br \/>\nPass upp s\u00e5 du inte installerar n\u00e5got annat&#8230;<br \/>\nSidan \u00e4r full av reklamprogramvaror.<br \/>\nOch s\u00e5 visade det sig att sidan inte l\u00e4ngre st\u00f6der just den programvaran.<br \/>\nDen \u00e4r kvar enbart i reklamsyfte&#8230;<br \/>\nDe f.d. utvecklarna rekommenderar i st\u00e4llet:<br \/>\nRevo Uninstaller<br \/>\neller<br \/>\nAshampoo Uninstaller<br \/>\nMen, jag laddar ned: pc-decrapifier-3.0.1.exe<br \/>\n(jag hittade den via: filehorse.com\/download-pc-decrapifier\/download)<br \/>\nVi testar den p\u00e5 min dator:<br \/>\nOch s\u00e5 f\u00e5r vi se vad som h\u00e4nder: &lt;: det gick inte. Programmet \u00e4r beroende av en internetsida som inte l\u00e4ngre finns.<br \/>\nD\u00e5 testar vi:<br \/>\nRevo Uninstaller (revouninstaller.com\/sv\/revo-uninstaller-free-download\/)<br \/>\nInget som direkt imponerade.<br \/>\nDen visade alla program som var installerade. Ingen info om de var &#8217;on\u00f6diga&#8217; eller inte&#8230;<br \/>\nAvinstallerade &#8217;Revo Uninstaller&#8217; via Start &gt; Kontrollpanelen &gt; Program &gt; Avinstallera ett program.<br \/>\nD\u00e5 testar vi:<br \/>\nAshampoo Uninstaller<br \/>\nDet kr\u00e4vdes aktivering genom att skapa ett konto d\u00e4r man skulle avge epost, namn och ett l\u00f6senord.<br \/>\nInte heller detta imponerade d\u00e5 det ocks\u00e5 endast visade alla installerade program utan n\u00e5got meddelande om de var &#8217;on\u00f6digt&#8217; f\u00f6rinstallerade eller inte&#8230;<br \/>\nOch s\u00e5 verkar det vara ett attans besv\u00e4r att bli avregistrerad&#8230;<br \/>\nS\u00e5 &#8211; sorry&#8230;<br \/>\nDet h\u00e4r verkar vara en dead end och h\u00e4r verkar man vara utl\u00e4mnad till sitt eget omd\u00f6me och:<br \/>\nStart &gt; Kontrollpanelen &gt; Program &gt; Avinstallera ett program<\/p>\n<p>14:<span class=\"VIiyi\" lang=\"sv\"><span class=\"JLqJ4b ChMk0b\" data-language-for-alternatives=\"sv\" data-language-to-translate-into=\"en\" data-phrase-index=\"0\"> Inaktivera on\u00f6diga icke-Microsoft Windows-tj\u00e4nster som saktar ner din dator. Hmm&#8230; se punkt 4.<\/p>\n<p>15: Justera Windows 7-inst\u00e4llningar med gratisprogram.<br \/>\nTipset inneh\u00f6ll en l\u00e4nk: <a href=\"https:\/\/www.online-tech-tips.com\/windows-xp\/tweak-windows-xp-settings-with-tweakui\/\" target=\"_blank\" rel=\"noopener\">Tweak Windows XP<\/a><br \/>\nOch den sidan inneh\u00f6ll tips om 5 program d\u00e4r i vart fall ett av dem verkade vettigt &#8211; och det rensade registret &#8211; s\u00e5&#8230;<br \/>\nTveksam punkt &#8211; se punkt: 9<\/p>\n<p>16:<\/span><\/span><span class=\"VIiyi\" lang=\"sv\"><span class=\"JLqJ4b ChMk0b\" data-language-for-alternatives=\"sv\" data-language-to-translate-into=\"en\" data-phrase-index=\"0\"> Inaktivera UAC (User Account Control) i Windows om du \u00e4r en avancerad anv\u00e4ndare.<\/span><\/span> <span class=\"VIiyi\" lang=\"sv\"><span class=\"JLqJ4b ChMk0b\" data-language-for-alternatives=\"sv\" data-language-to-translate-into=\"en\" data-phrase-index=\"0\"><br \/>\nMig veterligen s\u00e5 finns det ingen m\u00f6jlighet att ett \u00e4ndrande h\u00e4r skulle &#8217;snabba&#8217; upp datorn &#8211; att \u00e4ndra h\u00e4r f\u00e5r snarare till effekt att du antingen l\u00e5ser in dig i ett h\u00f6rn eller \u00f6ppnar upp datorn f\u00f6r &#8217;alla&#8217;.<br \/>\nEtt d\u00e5ligt tips- sorry.<\/p>\n<p><\/span><\/span><span class=\"VIiyi\" lang=\"sv\"><span class=\"JLqJ4b ChMk0b\" data-language-for-alternatives=\"sv\" data-language-to-translate-into=\"en\" data-phrase-index=\"0\">17: Justera musinst\u00e4llningarna s\u00e5 att du kan kopiera och klistra in snabbare, bl\u00e4ddra snabbare, navigera snabbt medan du surfar och mer.<br \/>\n&gt;: undrar om inte k\u00e4llf\u00f6rfattarna<\/span><\/span> b\u00f6rjar bli lite desperat nu?<br \/>\nOm man i Linux mixtrar med dylika inst\u00e4llningar s\u00e5 blir m\u00f6jligtvis ditt handhavande snabbare men datorn i sig blir l\u00e5ngsammare &#8211; s\u00e5 det h\u00e4r tipset \u00e4r jag tveksam till.<br \/>\nMen givetvis ska jag dyka ned i det och se vad det inneh\u00e5ller&#8230;<\/p>\n<p>1:a tipset (Always Wheel) handlar om att man ska installera ett program(?) som ger mushjulet mer funktioner)<br \/>\nOch dessutom \u00e4r det f\u00f6r mig som anv\u00e4nder sk trackball helt meningsl\u00f6st d\u00e5 mitt &#8217;mushjul&#8217; inte g\u00e5r att trycka ned.<\/p>\n<p>2:a (Volumouse). H\u00e4r ska man ocks\u00e5 installera ett program. Med detta program kan man bl.a (spara tid&#8230;?) genom att h\u00e5lla [Alt] nere och samtidigt snurra p\u00e5 mushjulet &#8211; f\u00f6r att h\u00f6ja eller s\u00e4nka volymen&#8230;<\/p>\n<p>3:e (NeatMouse) \u00e4ven h\u00e4r ska ett program installeras. Och h\u00e4r m\u00e5ste jag motvilligt erk\u00e4nna att jag n\u00e5gra f\u00e5 g\u00e5nger r\u00e5kat ut f\u00f6r att muspekaren l\u00e5st sig p.g.a. sj\u00e4lva musen lagt av och s\u00e5 skulle det ju vart ruggigt bra med ett program som detta. D\u00e4r man d\u00e5 kan styra muspekaren via piltangenterna.<br \/>\nMen v\u00e4nta lite &#8211; &#8211; &#8211; ska man inte i f\u00f6rsta hand klura ut vad det kan bero p\u00e5 att muspekaren h\u00e4nger sig?<br \/>\nS\u00e5 &#8211; nope &#8211; \u00e4ven detta &#8217;hj\u00e4lpprogram&#8217; \u00e5ker i soporna.<\/p>\n<p>4:e (X-Mouse Button Control)<br \/>\nJag n\u00f6jer mig med att ge er en \u00f6vers\u00e4ttning p\u00e5 b\u00f6rjan av det h\u00e4r tipset som ocks\u00e5 inneb\u00e4r en programinstallation:<br \/>\n&#8221;<i>Slutligen, f\u00f6r de allvarliga tweakersna d\u00e4r ute, \u00e4r X-Mouse Button Control geek dreamland f\u00f6r att justera din mus. Den har s\u00e5 m\u00e5nga alternativ och funktioner att jag faktiskt var tvungen att s\u00e4tta mig ner och l\u00e4sa bruksanvisningen innan jag verkligen kunde r\u00e4kna ut hur jag skulle anv\u00e4nda den korrekt. Men n\u00e4r jag v\u00e4l hade konfigurerat och f\u00e5tt det att fungera blev jag f\u00f6rv\u00e5nad \u00f6ver hur mycket funktionalitet jag kunde l\u00e4gga till min mus med den h\u00e4r appen.<\/i>&#8221;<br \/>\n&gt;: \u00c5ker i soph\u00f6gen det tipset ocks\u00e5.<br \/>\nVi ska v\u00e4l inte skaffa fler program &#8211; eller?<\/p>\n<p>[not: noterar att k\u00e4llf\u00f6rfattarna s\u00e5 gott som konsekvent h\u00e4nvisar, via l\u00e4nkar, till: online-tech-tips.com.]<\/p>\n<p><span class=\"VIiyi\" lang=\"sv\"><span class=\"JLqJ4b ChMk0b\" data-language-for-alternatives=\"sv\" data-language-to-translate-into=\"en\" data-phrase-index=\"0\">18: Ta bort tillf\u00e4lliga och oanv\u00e4nda filer p\u00e5 din dator med ett gratis program som CCleaner. Det kan ocks\u00e5 l\u00f6sa problem med ditt register.<br \/>\nNu blev det upprepning igen &#8211; se punkt 9.<br \/>\n[Not: d\u00e4remot s\u00f6ker jag verkligen efter ett tips eller ett hj\u00e4lpprogram som kan leta upp alla tempor\u00e4ra och helt on\u00f6diga filer.]<br \/>\n<\/span><\/span><br \/>\n<span class=\"VIiyi\" lang=\"sv\"><span class=\"JLqJ4b ChMk0b\" data-language-for-alternatives=\"sv\" data-language-to-translate-into=\"en\" data-phrase-index=\"0\">19: Ta bort din webbhistorik, tillf\u00e4lliga internetfiler och kakor f\u00f6r att frig\u00f6ra diskutrymme och \u00f6ka din integritet.<br \/>\nDetta tips kan jag dock rekommendera. Speciellt om du upplever att det surfande b\u00f6rjar bli tr\u00f6gt eller att de sidor du bes\u00f6ker ser anm\u00e4rkningsv\u00e4rt exakt likadana ut som de du bes\u00f6kte under g\u00e5rdagen<\/span><\/span>.<br \/>\nDet beror p\u00e5 att &#8217;alla&#8217; webbl\u00e4sare spara t.ex. bilder och l\u00e4ngre texter fr\u00e5n de sidor du bes\u00f6ker.<br \/>\nP\u00e5 s\u00e5 vis beh\u00f6ver de inte uppdatera sidan\u00a0 och du som anv\u00e4ndare ska d\u00e5 f\u00e5 upplevelsen att det g\u00e5r snabbare.<br \/>\nMisst\u00e4nker du att det \u00e4r s\u00e5 h\u00e4r s\u00e5 testa med att h\u00e5lla tangenten [Ctrl] nere och trycka till p\u00e5 tangenten [F5] &#8211; d\u00e5 &#8217;tvingas&#8217; internetsidan till en full uppdatering.<br \/>\nHur man rensar webbhistorik och sk kakor (cockies).<br \/>\nKakor anv\u00e4nds endast i reklamsyfte &#8211; kan ju vara bra att k\u00e4nna till.<br \/>\nS\u00e5 jag rekommenderar Er att t.ex. googla p\u00e5 hur man rensar webbhistorik och kakor p\u00e5 just din webbl\u00e4sare och f\u00f6r just din version och ditt operativsystem.<br \/>\nNackdelen med &#8217;rensandet&#8217; \u00e4r att du f\u00e5r b\u00f6rja om med att fylla i vissa rutor som tidigare fyllde i sig av sig sj\u00e4lvt och att du &#8211; igen &#8211; m\u00e5ste godk\u00e4nna kakor f\u00f6r vissa webbplatser &#8211; om du vill anv\u00e4nda dem &#8211; utan att &#8217;fr\u00e5gan&#8217; kommer upp igen och igen och igen&#8230;<\/p>\n<p>Till sist &#8211; m\u00e5nga m\u00e4rkliga &#8217;fel &#8217; Windows kan bli r\u00e4ttade om rensar just webbhistoriken.<\/p>\n<p><span class=\"VIiyi\" lang=\"sv\"><span class=\"JLqJ4b ChMk0b\" data-language-for-alternatives=\"sv\" data-language-to-translate-into=\"en\" data-phrase-index=\"0\">20: Rensa bort Windows f\u00f6rh\u00e4mtningsmapp f\u00f6r att f\u00f6rb\u00e4ttra prestanda om du anv\u00e4nder Windows XP.<br \/>\nEn punkt som vi lugnt kan l\u00e4mna d\u00e4rh\u00e4n.<\/span><\/span><\/p>\n","protected":false},"excerpt":{"rendered":"<p>HuvudK\u00e4lla: 99 Ways to Make Your Computer Blazingly Fast helpdeskgeek.com\/how-to\/99-ways-to-make-your-computer-blazingly-fast\/ Fixa Windows 7 (s\u00e5 gott det g\u00e5r)1. Defragmentera h\u00e5rddisken. I utforskaren, h\u00f6gerklicka p\u00e5 t.ex. enhet C: och v\u00e4lj &#8217;Egenskaper&#8217;. I f\u00f6nstret som visas v\u00e4lj fliken: &#8217;Verktyg&#8217;. Klicka p\u00e5 [Defragmentera nu&#8230;] &hellip; <a href=\"https:\/\/blogg.ngn.nu\/index.php\/sidor\/99-satt-att-optimera-ms-win-7\/\">Forts\u00e4tt l\u00e4sa <span class=\"meta-nav\">&rarr;<\/span><\/a><\/p>\n","protected":false},"author":1,"featured_media":0,"parent":13371,"menu_order":0,"comment_status":"closed","ping_status":"closed","template":"","meta":{"footnotes":""},"class_list":["post-13390","page","type-page","status-publish","hentry"],"_links":{"self":[{"href":"https:\/\/blogg.ngn.nu\/index.php\/wp-json\/wp\/v2\/pages\/13390","targetHints":{"allow":["GET"]}}],"collection":[{"href":"https:\/\/blogg.ngn.nu\/index.php\/wp-json\/wp\/v2\/pages"}],"about":[{"href":"https:\/\/blogg.ngn.nu\/index.php\/wp-json\/wp\/v2\/types\/page"}],"author":[{"embeddable":true,"href":"https:\/\/blogg.ngn.nu\/index.php\/wp-json\/wp\/v2\/users\/1"}],"replies":[{"embeddable":true,"href":"https:\/\/blogg.ngn.nu\/index.php\/wp-json\/wp\/v2\/comments?post=13390"}],"version-history":[{"count":4,"href":"https:\/\/blogg.ngn.nu\/index.php\/wp-json\/wp\/v2\/pages\/13390\/revisions"}],"predecessor-version":[{"id":13394,"href":"https:\/\/blogg.ngn.nu\/index.php\/wp-json\/wp\/v2\/pages\/13390\/revisions\/13394"}],"up":[{"embeddable":true,"href":"https:\/\/blogg.ngn.nu\/index.php\/wp-json\/wp\/v2\/pages\/13371"}],"wp:attachment":[{"href":"https:\/\/blogg.ngn.nu\/index.php\/wp-json\/wp\/v2\/media?parent=13390"}],"curies":[{"name":"wp","href":"https:\/\/api.w.org\/{rel}","templated":true}]}}