{"id":13369,"date":"2021-05-13T11:24:44","date_gmt":"2021-05-13T10:24:44","guid":{"rendered":"https:\/\/blogg.ngn.nu\/?page_id=13369"},"modified":"2021-05-13T11:25:34","modified_gmt":"2021-05-13T10:25:34","slug":"todo","status":"publish","type":"page","link":"https:\/\/blogg.ngn.nu\/index.php\/sidor\/todo\/","title":{"rendered":"ToDo"},"content":{"rendered":"<p><strong>Mer Att G\u00f6ra<\/strong>:<\/p>\n<p><b>GAMBAS3-mer<\/b><br \/>\nSe 210425 rubriken &#8217;<a href=\"https:\/\/blogg.ngn.nu\/index.php\/2021\/04\/25\/sondag-rehab-fas-2-dag-27-av-28\/#gambas3\" target=\"_blank\" rel=\"noopener\">GAMBAS3<\/a>&#8217;<br \/>\nHar sv\u00e5rt f\u00f6r att best\u00e4mma mig hur jag ska g\u00e5 vidare&#8230;<\/p>\n<p><b>Data Kvar &#8211; som jag inte \u00e4nnu hunnit med&#8230;<br \/>\n<\/b>Se 210425 rubriken: &#8217;<a href=\"https:\/\/blogg.ngn.nu\/index.php\/2021\/04\/25\/sondag-rehab-fas-2-dag-27-av-28\/#data_2\" target=\"_blank\" rel=\"noopener\">Data Kvar &#8211; som jag inte \u00e4nnu hunnit med&#8230;<\/a>&#8217;<br \/>\nHoppas kunna beta av den listan nu&#8230;<\/p>\n","protected":false},"excerpt":{"rendered":"<p>Mer Att G\u00f6ra: GAMBAS3-mer Se 210425 rubriken &#8217;GAMBAS3&#8217; Har sv\u00e5rt f\u00f6r att best\u00e4mma mig hur jag ska g\u00e5 vidare&#8230; Data Kvar &#8211; som jag inte \u00e4nnu hunnit med&#8230; Se 210425 rubriken: &#8217;Data Kvar &#8211; som jag inte \u00e4nnu hunnit med&#8230;&#8217; &hellip; <a href=\"https:\/\/blogg.ngn.nu\/index.php\/sidor\/todo\/\">Forts\u00e4tt l\u00e4sa <span class=\"meta-nav\">&rarr;<\/span><\/a><\/p>\n","protected":false},"author":1,"featured_media":0,"parent":13371,"menu_order":0,"comment_status":"closed","ping_status":"closed","template":"","meta":{"footnotes":""},"class_list":["post-13369","page","type-page","status-publish","hentry"],"_links":{"self":[{"href":"https:\/\/blogg.ngn.nu\/index.php\/wp-json\/wp\/v2\/pages\/13369","targetHints":{"allow":["GET"]}}],"collection":[{"href":"https:\/\/blogg.ngn.nu\/index.php\/wp-json\/wp\/v2\/pages"}],"about":[{"href":"https:\/\/blogg.ngn.nu\/index.php\/wp-json\/wp\/v2\/types\/page"}],"author":[{"embeddable":true,"href":"https:\/\/blogg.ngn.nu\/index.php\/wp-json\/wp\/v2\/users\/1"}],"replies":[{"embeddable":true,"href":"https:\/\/blogg.ngn.nu\/index.php\/wp-json\/wp\/v2\/comments?post=13369"}],"version-history":[{"count":1,"href":"https:\/\/blogg.ngn.nu\/index.php\/wp-json\/wp\/v2\/pages\/13369\/revisions"}],"predecessor-version":[{"id":13370,"href":"https:\/\/blogg.ngn.nu\/index.php\/wp-json\/wp\/v2\/pages\/13369\/revisions\/13370"}],"up":[{"embeddable":true,"href":"https:\/\/blogg.ngn.nu\/index.php\/wp-json\/wp\/v2\/pages\/13371"}],"wp:attachment":[{"href":"https:\/\/blogg.ngn.nu\/index.php\/wp-json\/wp\/v2\/media?parent=13369"}],"curies":[{"name":"wp","href":"https:\/\/api.w.org\/{rel}","templated":true}]}}