{"id":1230,"date":"2010-12-11T19:31:29","date_gmt":"2010-12-11T18:31:29","guid":{"rendered":"http:\/\/blogg.ngn.nu\/index.php\/mina-bilder\/"},"modified":"2021-05-13T11:32:54","modified_gmt":"2021-05-13T10:32:54","slug":"mina-bilder","status":"publish","type":"page","link":"https:\/\/blogg.ngn.nu\/index.php\/mina-bilder\/","title":{"rendered":"Mina Bilder"},"content":{"rendered":"<p>Det sker en st\u00e4ndig utveckling och ett testande. N\u00e5gon g\u00e5ng kanske man landar i n\u00e5got som funkar tillfredst\u00e4llande f\u00f6r alla parter.<br \/>\nH\u00f6sten 2010 fick jag signaler fr\u00e5n Oderland.se om att min bildblogg: bilder.ngn.nu, tog ca 25% av serverns kapacitet s\u00e5 fort n\u00e5gon ville titta p\u00e5 en bild. Jag fick &#8217;hastigt och lustigt&#8217; g\u00f6ra om den lite. Men effekten blev att jag inte kommer att publicera bilder d\u00e4r mer, p\u00e5 det viset.<br \/>\nS\u00e5 jag har b\u00f6rjat ett &#8217;arbete&#8217; med att &#8217;flytta&#8217; bilderna fr\u00e5n bilder.ngn.nu till mitt galleri, d\u00e4rf\u00f6r finns h\u00e4r nedan en h\u00e4nvisning till tv\u00e5 st\u00e4llen d\u00e4r jag publicerar bilder.<br \/>\nFr\u00e5n: maj 2008 till ca november 2010<br \/>\n<a title=\"Mina Bilder\" href=\"http:\/\/bilder.ngn.nu\/\" target=\"_new\" rel=\"noopener\">Mina Bilder, i bildbloggen; bilder.ngn.nu<\/a><\/p>\n<p>Fr.o.m. november 2010:<br \/>\n<strong><a title=\"Mina Djur &amp; Naturbilder\" href=\"http:\/\/galleri.ngn.nu\/v\/gBilder\/\" target=\"_new\" rel=\"noopener\">Mina Bilder, i galleriet<\/a><\/strong><\/p>\n<p>Fr\u00e5n maj 2007 till maj 2008 publicerade jag mina bilder p\u00e5: <a href=\"http:\/\/ngnfoto.blogg.se\/\" target=\"_blank\" rel=\"noopener\">ngnfoto.blogg.se<\/a>. <small>(nu inaktiv och bilderna \u00e4r flyttade till bilder.ngn.nu)<\/small><\/p>\n<p>F\u00f6re det publicerades bilderna p\u00e5 bloggen: <a href=\"http:\/\/ngn.blogga.nu\" target=\"_blank\" rel=\"noopener\">ngn.blogga.nu<\/a>. <small>(nu inaktiv och bilderna \u00e4r flyttade till bilder.ngn.nu)<\/small><\/p>\n","protected":false},"excerpt":{"rendered":"<p>Det sker en st\u00e4ndig utveckling och ett testande. N\u00e5gon g\u00e5ng kanske man landar i n\u00e5got som funkar tillfredst\u00e4llande f\u00f6r alla parter. H\u00f6sten 2010 fick jag signaler fr\u00e5n Oderland.se om att min bildblogg: bilder.ngn.nu, tog ca 25% av serverns kapacitet s\u00e5 &hellip; <a href=\"https:\/\/blogg.ngn.nu\/index.php\/mina-bilder\/\">Forts\u00e4tt l\u00e4sa <span class=\"meta-nav\">&rarr;<\/span><\/a><\/p>\n","protected":false},"author":1,"featured_media":0,"parent":0,"menu_order":3,"comment_status":"open","ping_status":"closed","template":"","meta":{"footnotes":""},"class_list":["post-1230","page","type-page","status-publish","hentry"],"_links":{"self":[{"href":"https:\/\/blogg.ngn.nu\/index.php\/wp-json\/wp\/v2\/pages\/1230","targetHints":{"allow":["GET"]}}],"collection":[{"href":"https:\/\/blogg.ngn.nu\/index.php\/wp-json\/wp\/v2\/pages"}],"about":[{"href":"https:\/\/blogg.ngn.nu\/index.php\/wp-json\/wp\/v2\/types\/page"}],"author":[{"embeddable":true,"href":"https:\/\/blogg.ngn.nu\/index.php\/wp-json\/wp\/v2\/users\/1"}],"replies":[{"embeddable":true,"href":"https:\/\/blogg.ngn.nu\/index.php\/wp-json\/wp\/v2\/comments?post=1230"}],"version-history":[{"count":1,"href":"https:\/\/blogg.ngn.nu\/index.php\/wp-json\/wp\/v2\/pages\/1230\/revisions"}],"predecessor-version":[{"id":13376,"href":"https:\/\/blogg.ngn.nu\/index.php\/wp-json\/wp\/v2\/pages\/1230\/revisions\/13376"}],"wp:attachment":[{"href":"https:\/\/blogg.ngn.nu\/index.php\/wp-json\/wp\/v2\/media?parent=1230"}],"curies":[{"name":"wp","href":"https:\/\/api.w.org\/{rel}","templated":true}]}}